{"id":11493,"date":"2026-01-08T08:07:48","date_gmt":"2026-01-08T08:07:48","guid":{"rendered":"https:\/\/mulik.es\/?page_id=11493"},"modified":"2026-02-02T14:41:59","modified_gmt":"2026-02-02T14:41:59","slug":"reglement-du-concours-mulik-challenge","status":"publish","type":"page","link":"https:\/\/mulik.es\/fr\/reglement-du-concours-mulik-challenge\/","title":{"rendered":"R\u00e8glement du concours MULIK CHALLENGE"},"content":{"rendered":"<p>[vc_row][vc_column][vc_column_text]<strong>R\u00e8glement du concours MULIK CHALLENGE \u2013 En collaboration avec Djelykaba Bintou<\/strong><\/p>\n<ol>\n<li><strong> Soci\u00e9t\u00e9 organisatrice<\/strong><br \/>\nCe concours est organis\u00e9 par la soci\u00e9t\u00e9 Foodibev International SL, avec le num\u00e9ro d\u2019identification fiscale ESB99351207, dont le si\u00e8ge social est situ\u00e9 au c\/ Teniente Coronel Valenzuela, 5, 1, 50004, Saragosse, Espagne. La soci\u00e9t\u00e9 Foodibev International SL (Annonceur), propri\u00e9taire de la marque MULIK, organise un concours conform\u00e9ment au pr\u00e9sent r\u00e8glement.<\/li>\n<li><strong> Objet<\/strong><br \/>\nL\u2019Annonceur organise un concours destin\u00e9 aux utilisateurs des r\u00e9seaux sociaux Facebook, exclusivement en Guin\u00e9e-Conakry. Seuls les utilisateurs ayant un profil actif sur ces r\u00e9seaux, r\u00e9sidant en Guin\u00e9e-Conakry et majeurs, pourront participer au concours.<\/li>\n<li><strong> Dur\u00e9e<\/strong><br \/>\nLe concours d\u00e9butera le <strong>12 janvier 2026<\/strong> et se terminera le <strong>1<sup>er<\/sup> f\u00e9vrier 2026<\/strong>.<\/li>\n<li><strong> Conditions de participation et restrictions<\/strong><br \/>\nToute personne physique, majeure, ayant pleine capacit\u00e9 juridique, disposant d\u2019un profil actif sur Facebook, et r\u00e9sidant en Guin\u00e9e-Conakry pourra participer au concours.<br \/>\nSont exclus de cette promotion tous les employ\u00e9s de Foodibev ainsi que les entreprises collaborant avec Foodibev International SL.<\/li>\n<li><strong> Modalit\u00e9s de participation<\/strong><br \/>\nPour participer au concours, il faut se prendre en photo ou en vid\u00e9o avec une bouteille de MULIK.<br \/>\nLa seule fa\u00e7on de participer au challenge est la suivante :<\/li>\n<\/ol>\n<ul>\n<li>Prendre une photo ou une vid\u00e9o de vous-m\u00eame une bouteille de MULIK<\/li>\n<li>Suivre les comptes Facebook de Mulik Guin\u00e9e-Conakry <strong>@mulikguineeconakry<\/strong>, de Djelykaba Bintou <strong>@DjelykabaBintouOfficiel<\/strong> et de ETS DMK-Guin\u00e9e @<strong>ETS DMK-Guin\u00e9e<\/strong><\/li>\n<li>Commenter le post avec ta photo\/vid\u00e9o<\/li>\n<li>Toute autre forme de participation ne sera pas prise en compte.<\/li>\n<li>Les messages priv\u00e9s ne seront pas pris en compte.<\/li>\n<li>Le gagnant sera tir\u00e9 au sort parmi tous les participants ayant respect\u00e9 les conditions du challenge. Le tirage au sort est valid\u00e9 par un jury interne.<\/li>\n<\/ul>\n<p>&nbsp;<\/p>\n<ol start=\"6\">\n<li><strong> Prix<\/strong><\/li>\n<\/ol>\n<ul>\n<li>Le gagnant recevra <strong>un IPHONE 17 PRO MAX, 256\u00a0GB<\/strong><\/li>\n<li>Si la photo ou la vid\u00e9o gagnante respecte bien les conditions du concours, nous contacterons directement le gagnant\/la gagnante. Si les conditions ne sont pas respect\u00e9es, le prix sera attribu\u00e9 \u00e0 un autre participant, respectant les conditions pr\u00e9c\u00e9demment mentionn\u00e9es.<\/li>\n<li>Le gagnant sera annonc\u00e9 le <strong>2 f\u00e9vrier 2026<\/strong> et contact\u00e9 entre le <strong>2 f\u00e9vrier et le 03 f\u00e9vrier 206.<\/strong><\/li>\n<li><strong>Le prix sera remis le 05 f\u00e9vrier 2026 \u00e0 Conakry. <\/strong><\/li>\n<\/ul>\n<ol start=\"7\">\n<li><strong> Communication avec les gagnants<\/strong><br \/>\nUne fois v\u00e9rifi\u00e9 que le gagnant respecte les conditions de la promotion, il recevra un message priv\u00e9 indiquant les modalit\u00e9s de r\u00e9ception du prix. Si le gagnant ne r\u00e9pond pas dans un d\u00e9lai de 2 jours, le prix sera annul\u00e9. Le contact se fera uniquement via les comptes officiels Facebook de Mulik (<strong>@mulikguineeconakry<\/strong>). Nous ne sommes pas responsables de toute tentative d\u2019usurpation provenant d\u2019autres comptes.<\/li>\n<li><strong> Exon\u00e9ration de responsabilit\u00e9 en cas de dysfonctionnement du r\u00e9seau<\/strong><br \/>\nLa soci\u00e9t\u00e9 organisatrice ne pourra \u00eatre tenue responsable des dysfonctionnements techniques des plateformes en ligne pouvant affecter le bon d\u00e9roulement du concours pour des raisons ind\u00e9pendantes de sa volont\u00e9 ou en cas de force majeure.<\/li>\n<li><strong> Conditions g\u00e9n\u00e9rales<\/strong><br \/>\nLa simple participation au concours implique l\u2019acceptation totale du pr\u00e9sent r\u00e8glement ainsi que des d\u00e9cisions de Foodibev, y compris la r\u00e9solution de toute question relative au concours.<br \/>\nTous les participants autorisent, par leur participation, l\u2019utilisation gratuite, illimit\u00e9e dans le temps et dans l\u2019espace, des images et vid\u00e9os envoy\u00e9es \u00e0 Mulik via les diff\u00e9rentes plateformes.<br \/>\nLes gagnants autorisent la publication de leur photo ou vid\u00e9o sur les r\u00e9seaux sociaux MULIK pour annoncer leur victoire.<\/li>\n<\/ol>\n<p>Foodibev se r\u00e9serve le droit d\u2019annuler la promotion \u00e0 tout moment, d\u2019exclure tout participant dont le comportement perturbe le bon d\u00e9roulement du concours ou d\u2019apporter des modifications au r\u00e8glement si cela est justifi\u00e9 par des circonstances pouvant affecter l\u2019objectivit\u00e9 ou la transparence de la promotion.[\/vc_column_text][\/vc_column][\/vc_row]<\/p>\n","protected":false},"excerpt":{"rendered":"<p>[vc_row][vc_column][vc_column_text]R\u00e8glement du concours MULIK CHALLENGE \u2013 En collaboration avec Djelykaba Bintou Soci\u00e9t\u00e9 organisatrice Ce concours est organis\u00e9 par la soci\u00e9t\u00e9 Foodibev International SL, avec le num\u00e9ro d\u2019identification fiscale ESB99351207, dont le si\u00e8ge social est situ\u00e9 au c\/ Teniente Coronel Valenzuela, 5, 1, 50004, Saragosse, Espagne. [&hellip;]<\/p>\n","protected":false},"author":1,"featured_media":0,"parent":0,"menu_order":0,"comment_status":"closed","ping_status":"closed","template":"","meta":{"footnotes":""},"class_list":["post-11493","page","type-page","status-publish","hentry"],"_links":{"self":[{"href":"https:\/\/mulik.es\/fr\/wp-json\/wp\/v2\/pages\/11493","targetHints":{"allow":["GET"]}}],"collection":[{"href":"https:\/\/mulik.es\/fr\/wp-json\/wp\/v2\/pages"}],"about":[{"href":"https:\/\/mulik.es\/fr\/wp-json\/wp\/v2\/types\/page"}],"author":[{"embeddable":true,"href":"https:\/\/mulik.es\/fr\/wp-json\/wp\/v2\/users\/1"}],"replies":[{"embeddable":true,"href":"https:\/\/mulik.es\/fr\/wp-json\/wp\/v2\/comments?post=11493"}],"version-history":[{"count":11,"href":"https:\/\/mulik.es\/fr\/wp-json\/wp\/v2\/pages\/11493\/revisions"}],"predecessor-version":[{"id":11506,"href":"https:\/\/mulik.es\/fr\/wp-json\/wp\/v2\/pages\/11493\/revisions\/11506"}],"wp:attachment":[{"href":"https:\/\/mulik.es\/fr\/wp-json\/wp\/v2\/media?parent=11493"}],"curies":[{"name":"wp","href":"https:\/\/api.w.org\/{rel}","templated":true}]}}