{"id":14,"date":"2021-07-30T10:17:14","date_gmt":"2021-07-30T10:17:14","guid":{"rendered":"https:\/\/mulik.es\/?page_id=14"},"modified":"2026-03-20T08:22:50","modified_gmt":"2026-03-20T08:22:50","slug":"home","status":"publish","type":"page","link":"https:\/\/mulik.es\/fr\/","title":{"rendered":"Home"},"content":{"rendered":"<p>[vc_row][vc_column offset=\u00a0\u00bbvc_hidden-sm vc_hidden-xs\u00a0\u00bb]<div class=\"eltdf-elements-holder eltdf-responsive-mode-768\" ><div class=\"eltdf-eh-item eltdf-horizontal-alignment-center\" data-item-class=\"eltdf-eh-custom-125980\" >\n\t<div class=\"eltdf-eh-item-inner\" >\n\t\t<div class=\"eltdf-eh-item-content eltdf-eh-custom-125980\" >\n\t\t\t[vc_raw_html]JTNDdmlkZW8lMjBjb250cm9scyUyMGF1dG9wbGF5JTIwbXV0ZWQlMjBsb29wJTIwaWQlM0QlMjJteVZpZGVvJTIyJTNFJTBBJTIwJTIwJTNDc291cmNlJTIwc3JjJTNEJTIyaHR0cHMlM0ElMkYlMkZtdWxpay5lcyUyRndwLWNvbnRlbnQlMkZ1cGxvYWRzJTJGMjAyNCUyRjEwJTJGVklERU8tUEFSQS1XRUJfRlIubXA0JTIyJTNFJTBBJTNDJTJGdmlkZW8lM0U=[\/vc_raw_html]\t\t<\/div>\n\t<\/div>\n\t<\/div><\/div>[\/vc_column][\/vc_row][vc_row][vc_column offset=\u00a0\u00bbvc_hidden-lg vc_hidden-md\u00a0\u00bb]<div class=\"eltdf-elements-holder eltdf-responsive-mode-768\" ><div class=\"eltdf-eh-item eltdf-horizontal-alignment-center\" data-item-class=\"eltdf-eh-custom-507293\" >\n\t<div class=\"eltdf-eh-item-inner\" >\n\t\t<div class=\"eltdf-eh-item-content eltdf-eh-custom-507293\" >\n\t\t\t[vc_raw_html]JTNDdmlkZW8lMjBjb250cm9scyUyMGF1dG9wbGF5JTIwbXV0ZWQlMjBsb29wJTIwaWQlM0QlMjJteVZpZGVvNCUyMiUzRSUwQSUyMCUyMCUzQ3NvdXJjZSUyMHNyYyUzRCUyMmh0dHBzJTNBJTJGJTJGbXVsaWsuZXMlMkZ3cC1jb250ZW50JTJGdXBsb2FkcyUyRjIwMjQlMkYxMCUyRlNQT1QtTVVMSUtfU0lOLVZPWl9GUi5tcDQlMjIlM0UlMEElM0MlMkZ2aWRlbyUzRQ==[\/vc_raw_html]\t\t<\/div>\n\t<\/div>\n\t<\/div><\/div>[\/vc_column][\/vc_row][vc_row][vc_column offset=\u00a0\u00bbvc_hidden-md vc_hidden-sm vc_hidden-xs\u00a0\u00bb]<div class=\"eltdf-elements-holder eltdf-responsive-mode-768\" ><div class=\"eltdf-eh-item \" data-item-class=\"eltdf-eh-custom-238471\" >\n\t<div class=\"eltdf-eh-item-inner\" >\n\t\t<div class=\"eltdf-eh-item-content eltdf-eh-custom-238471\" >\n\t\t\t[vc_empty_space][vc_column_text css=\u00a0\u00bb.vc_custom_1642069600382{margin-left: 5% !important;}\u00a0\u00bb]<\/p>\n<h1 style=\"color: #191d5e;\">PRODUITS<\/h1>\n<p>[\/vc_column_text]\t\t<\/div>\n\t<\/div>\n\t<\/div><\/div>[\/vc_column][\/vc_row][vc_row][vc_column offset=\u00a0\u00bbvc_hidden-md vc_hidden-sm vc_hidden-xs\u00a0\u00bb]<div class=\"eltdf-elements-holder eltdf-responsive-mode-768\" ><div class=\"eltdf-eh-item \" data-item-class=\"eltdf-eh-custom-156742\" >\n\t<div class=\"eltdf-eh-item-inner\" >\n\t\t<div class=\"eltdf-eh-item-content eltdf-eh-custom-156742\" >\n\t\t\t[vc_column_text css=\u00a0\u00bb.vc_custom_1642069618163{margin-right: 15% !important;margin-left: 5% !important;}\u00a0\u00bb]Les milkshakes Mulik sont fabriqu\u00e9s avec du d\u00e9licieux lait entier provenant de vaches qui p\u00e2turent dans les prairies belges, au c\u0153ur de l&rsquo;Europe.<\/p>\n<p>Savourez ses 4 saveurs et b\u00e9n\u00e9ficiez des propri\u00e9t\u00e9s nutritionnelles du meilleur lait. Et vous pouvez le boire partout gr\u00e2ce \u00e0 son format de 500 ml.[\/vc_column_text][vc_tta_pageable no_fill_content_area=\u00a0\u00bb1&Prime; autoplay=\u00a0\u00bb20&Prime; active_section=\u00a0\u00bb1&Prime; pagination_color=\u00a0\u00bbblue\u00a0\u00bb css_animation=\u00a0\u00bbfadeIn\u00a0\u00bb][vc_tta_section title=\u00a0\u00bbSecci\u00f3n 1&Prime; tab_id=\u00a0\u00bb1627913091109-e4673b6e-8f80&Prime;][vc_row_inner][vc_column_inner width=\u00a0\u00bb2\/3&Prime; css=\u00a0\u00bb.vc_custom_1625480995003{margin-left: 25% !important;}\u00a0\u00bb][vc_single_image image=\u00a0\u00bb11456&Prime; img_size=\u00a0\u00bbfull\u00a0\u00bb alignment=\u00a0\u00bbcenter\u00a0\u00bb][\/vc_column_inner][\/vc_row_inner][\/vc_tta_section][vc_tta_section title=\u00a0\u00bbSecci\u00f3n 2&Prime; tab_id=\u00a0\u00bb1627913091227-0da4e313-e118&Prime;][vc_row_inner css=\u00a0\u00bb.vc_custom_1625497863386{background-position: center !important;background-repeat: no-repeat !important;background-size: contain !important;}\u00a0\u00bb][vc_column_inner width=\u00a0\u00bb2\/3&Prime;][vc_single_image image=\u00a0\u00bb11452&Prime; img_size=\u00a0\u00bbfull\u00a0\u00bb][\/vc_column_inner][vc_column_inner width=\u00a0\u00bb1\/3&Prime; css=\u00a0\u00bb.vc_custom_1625484369646{margin-right: -5% !important;margin-left: -35% !important;}\u00a0\u00bb][vc_column_text css=\u00a0\u00bb.vc_custom_1642069666961{margin-top: 50% !important;}\u00a0\u00bb]Le milkshake au chocolat Mulik est la fa\u00e7on la plus irr\u00e9sistible et la plus saine de boire du lait. Savourez son go\u00fbt au petit-d\u00e9jeuner, comme en-cas, au go\u00fbter&#8230; \u00e0 tout moment ![\/vc_column_text][\/vc_column_inner][\/vc_row_inner][\/vc_tta_section][vc_tta_section title=\u00a0\u00bbSecci\u00f3n 3&Prime; tab_id=\u00a0\u00bb1627913091346-3b681c62-bb3d\u00a0\u00bb][vc_row_inner css=\u00a0\u00bb.vc_custom_1625497863386{background-position: center !important;background-repeat: no-repeat !important;background-size: contain !important;}\u00a0\u00bb][vc_column_inner width=\u00a0\u00bb2\/3&Prime;][vc_single_image image=\u00a0\u00bb11454&Prime; img_size=\u00a0\u00bbfull\u00a0\u00bb][\/vc_column_inner][vc_column_inner width=\u00a0\u00bb1\/3&Prime; css=\u00a0\u00bb.vc_custom_1625484369646{margin-right: -5% !important;margin-left: -35% !important;}\u00a0\u00bb][vc_column_text css=\u00a0\u00bb.vc_custom_1642069692325{margin-top: 50% !important;}\u00a0\u00bb]Hmmm, comme les fraises sont d\u00e9licieuses ! Et si vous combinez leur saveur avec le lait entier dans les milkshakes Mulik&#8230; succ\u00e8s garanti. N&rsquo;h\u00e9sitez pas \u00e0 l&rsquo;essayer, vous ne serez pas d\u00e9\u00e7u.[\/vc_column_text][\/vc_column_inner][\/vc_row_inner][\/vc_tta_section][vc_tta_section title=\u00a0\u00bbSecci\u00f3n 3&Prime; tab_id=\u00a0\u00bb1627913091472-4b2ce130-dd74&Prime;][vc_row_inner css=\u00a0\u00bb.vc_custom_1625497863386{background-position: center !important;background-repeat: no-repeat !important;background-size: contain !important;}\u00a0\u00bb][vc_column_inner width=\u00a0\u00bb2\/3&Prime;][vc_single_image image=\u00a0\u00bb11459&Prime; img_size=\u00a0\u00bbfull\u00a0\u00bb][\/vc_column_inner][vc_column_inner width=\u00a0\u00bb1\/3&Prime; css=\u00a0\u00bb.vc_custom_1625484369646{margin-right: -5% !important;margin-left: -35% !important;}\u00a0\u00bb][vc_column_text css=\u00a0\u00bb.vc_custom_1642069717271{margin-top: 50% !important;}\u00a0\u00bb]L&rsquo;onctuosit\u00e9 du lait entier avec le go\u00fbt addictif de la vanille. Que demander de plus ? Le milkshake Mulik est un aliment complet et d\u00e9licieux qui est indispensable dans votre vie quotidienne.[\/vc_column_text][\/vc_column_inner][\/vc_row_inner][\/vc_tta_section][vc_tta_section title=\u00a0\u00bbSecci\u00f3n 3&Prime; tab_id=\u00a0\u00bb1627913091603-ea4fdf76-f00c\u00a0\u00bb][vc_row_inner css=\u00a0\u00bb.vc_custom_1625497863386{background-position: center !important;background-repeat: no-repeat !important;background-size: contain !important;}\u00a0\u00bb][vc_column_inner width=\u00a0\u00bb2\/3&Prime;][vc_single_image image=\u00a0\u00bb11448&Prime; img_size=\u00a0\u00bbfull\u00a0\u00bb][\/vc_column_inner][vc_column_inner width=\u00a0\u00bb1\/3&Prime; css=\u00a0\u00bb.vc_custom_1625484369646{margin-right: -5% !important;margin-left: -35% !important;}\u00a0\u00bb][vc_column_text css=\u00a0\u00bb.vc_custom_1691587895986{margin-top: 50% !important;}\u00a0\u00bb]Toute la qualit\u00e9 du lait provenant du c\u0153ur de l\u2019Europe avec la saveur d\u00e9licieuse de la banane. Qu&rsquo;attendez-vous pour le go\u00fbter ?[\/vc_column_text][\/vc_column_inner][\/vc_row_inner][\/vc_tta_section][\/vc_tta_pageable]\t\t<\/div>\n\t<\/div>\n\t<\/div><\/div>[\/vc_column][\/vc_row][vc_row][vc_column offset=\u00a0\u00bbvc_hidden-lg\u00a0\u00bb]<div class=\"eltdf-elements-holder eltdf-responsive-mode-768\" ><div class=\"eltdf-eh-item \" data-item-class=\"eltdf-eh-custom-665330\" >\n\t<div class=\"eltdf-eh-item-inner\" >\n\t\t<div class=\"eltdf-eh-item-content eltdf-eh-custom-665330\" >\n\t\t\t[vc_column_text css=\u00a0\u00bb.vc_custom_1642069631257{margin-right: 15% !important;margin-left: 5% !important;}\u00a0\u00bb]Les milkshakes Mulik sont fabriqu\u00e9s avec du d\u00e9licieux lait entier provenant de vaches qui p\u00e2turent dans les prairies belges, au c\u0153ur de l&rsquo;Europe.<\/p>\n<p>Savourez ses 4 saveurs et b\u00e9n\u00e9ficiez des propri\u00e9t\u00e9s nutritionnelles du meilleur lait. Et vous pouvez le boire partout gr\u00e2ce \u00e0 son format de 500 ml.[\/vc_column_text][vc_tta_pageable no_fill_content_area=\u00a0\u00bb1&Prime; autoplay=\u00a0\u00bb20&Prime; active_section=\u00a0\u00bb1&Prime; pagination_color=\u00a0\u00bbblue\u00a0\u00bb css_animation=\u00a0\u00bbfadeIn\u00a0\u00bb][vc_tta_section title=\u00a0\u00bbSecci\u00f3n 1&Prime; tab_id=\u00a0\u00bb1628075977445-cd490a19-671e\u00a0\u00bb][vc_row_inner][vc_column_inner][vc_single_image image=\u00a0\u00bb11456&Prime; img_size=\u00a0\u00bbfull\u00a0\u00bb alignment=\u00a0\u00bbcenter\u00a0\u00bb][\/vc_column_inner][\/vc_row_inner][\/vc_tta_section][vc_tta_section title=\u00a0\u00bbSecci\u00f3n 2&Prime; tab_id=\u00a0\u00bb1628075977490-ca222ea7-8818&Prime;][vc_row_inner css=\u00a0\u00bb.vc_custom_1625497863386{background-position: center !important;background-repeat: no-repeat !important;background-size: contain !important;}\u00a0\u00bb][vc_column_inner][vc_single_image image=\u00a0\u00bb11453&Prime; img_size=\u00a0\u00bbfull\u00a0\u00bb][vc_column_text]Le milkshake au chocolat Mulik est la fa\u00e7on la plus irr\u00e9sistible et la plus saine de boire du lait. Savourez son go\u00fbt au petit-d\u00e9jeuner, comme en-cas, au go\u00fbter&#8230; \u00e0 tout moment ![\/vc_column_text][\/vc_column_inner][\/vc_row_inner][\/vc_tta_section][vc_tta_section title=\u00a0\u00bbSecci\u00f3n 3&Prime; tab_id=\u00a0\u00bb1628075977568-e2c7d150-7ad2&Prime;][vc_row_inner css=\u00a0\u00bb.vc_custom_1625497863386{background-position: center !important;background-repeat: no-repeat !important;background-size: contain !important;}\u00a0\u00bb][vc_column_inner][vc_single_image image=\u00a0\u00bb11455&Prime; img_size=\u00a0\u00bbfull\u00a0\u00bb][vc_column_text]Hmmm, comme les fraises sont d\u00e9licieuses ! Et si vous combinez leur saveur avec le lait entier dans les milkshakes Mulik&#8230; succ\u00e8s garanti. N&rsquo;h\u00e9sitez pas \u00e0 l&rsquo;essayer, vous ne serez pas d\u00e9\u00e7u.[\/vc_column_text][\/vc_column_inner][\/vc_row_inner][\/vc_tta_section][vc_tta_section title=\u00a0\u00bbSecci\u00f3n 3&Prime; tab_id=\u00a0\u00bb1628075977650-bbe66665-01e8&Prime;][vc_row_inner css=\u00a0\u00bb.vc_custom_1625497863386{background-position: center !important;background-repeat: no-repeat !important;background-size: contain !important;}\u00a0\u00bb][vc_column_inner][vc_single_image image=\u00a0\u00bb11458&Prime; img_size=\u00a0\u00bbfull\u00a0\u00bb][vc_column_text]L&rsquo;onctuosit\u00e9 du lait entier avec le go\u00fbt addictif de la vanille. Que demander de plus ? Le milkshake Mulik est un aliment complet et d\u00e9licieux qui est indispensable dans votre vie quotidienne.[\/vc_column_text][\/vc_column_inner][\/vc_row_inner][\/vc_tta_section][vc_tta_section title=\u00a0\u00bbSecci\u00f3n 3&Prime; tab_id=\u00a0\u00bb1628075977737-76ba66ad-d526&Prime;][vc_row_inner css=\u00a0\u00bb.vc_custom_1625497863386{background-position: center !important;background-repeat: no-repeat !important;background-size: contain !important;}\u00a0\u00bb][vc_column_inner][vc_single_image image=\u00a0\u00bb11449&Prime; img_size=\u00a0\u00bbfull\u00a0\u00bb][vc_column_text]Toute la qualit\u00e9 du lait provenant du c\u0153ur de l\u2019Europe avec la saveur d\u00e9licieuse de la banane. Qu&rsquo;attendez-vous pour le go\u00fbter ?[\/vc_column_text][\/vc_column_inner][\/vc_row_inner][\/vc_tta_section][\/vc_tta_pageable]\t\t<\/div>\n\t<\/div>\n\t<\/div><\/div>[\/vc_column][\/vc_row][vc_row][vc_column]<div class=\"eltdf-elements-holder eltdf-responsive-mode-768\" ><div class=\"eltdf-eh-item \" data-item-class=\"eltdf-eh-custom-958511\" >\n\t<div class=\"eltdf-eh-item-inner\" >\n\t\t<div class=\"eltdf-eh-item-content eltdf-eh-custom-958511\" >\n\t\t\t[vc_column_text css=\u00a0\u00bb.vc_custom_1642069780867{margin-left: 5% !important;}\u00a0\u00bb]<\/p>\n<h1 style=\"color: #191d5e;\">\u00c0 PROPOS DE NOUS<\/h1>\n<p>[\/vc_column_text]\t\t<\/div>\n\t<\/div>\n\t<\/div><\/div>[\/vc_column][\/vc_row][vc_row][vc_column offset=\u00a0\u00bbvc_hidden-sm vc_hidden-xs\u00a0\u00bb]<div class=\"eltdf-elements-holder eltdf-responsive-mode-768\" ><div class=\"eltdf-eh-item \" data-item-class=\"eltdf-eh-custom-773813\" >\n\t<div class=\"eltdf-eh-item-inner\" >\n\t\t<div class=\"eltdf-eh-item-content eltdf-eh-custom-773813\" >\n\t\t\t[vc_column_text css=\u00a0\u00bb.vc_custom_1642069793645{margin-right: 15% !important;margin-left: 5% !important;}\u00a0\u00bb]L\u2019\u00e9quipe derri\u00e8re Mulik est Foodibev International et travaille quotidiennement pour vous offrir la meilleure qualit\u00e9.<\/p>\n<p>Notre \u00e9quipe en Espagne travaille main dans la main avec l\u2019\u00e9quipe en Belgique d\u2019o\u00f9 provient le meilleur lait pour nos milkshakes Mulik que nous exportons dans plus de 20 pays dans le monde.<\/p>\n<p>De plus, pour renforcer notre marque, nous nous occupons de pr\u00e9parer tous ces articles promotionnels sympas que vous verrez sur nos r\u00e9seaux sociaux : T-shirts, casquettes, tabliers\u2026<\/p>\n<p>Regardez la vid\u00e9o ci-dessous et apprenez-en un peu plus sur Mulik.[\/vc_column_text][vc_empty_space]\t\t<\/div>\n\t<\/div>\n\t<\/div><\/div>[\/vc_column][\/vc_row][vc_row][vc_column offset=\u00a0\u00bbvc_hidden-lg vc_hidden-md\u00a0\u00bb]<div class=\"eltdf-elements-holder eltdf-responsive-mode-768\" ><div class=\"eltdf-eh-item \" data-item-class=\"eltdf-eh-custom-960858\" >\n\t<div class=\"eltdf-eh-item-inner\" >\n\t\t<div class=\"eltdf-eh-item-content eltdf-eh-custom-960858\" >\n\t\t\t[vc_column_text css=\u00a0\u00bb.vc_custom_1642069801169{margin-right: 15% !important;margin-left: 5% !important;}\u00a0\u00bb]L\u2019\u00e9quipe derri\u00e8re Mulik est Foodibev International et travaille quotidiennement pour vous offrir la meilleure qualit\u00e9.<\/p>\n<p>Notre \u00e9quipe en Espagne travaille main dans la main avec l\u2019\u00e9quipe en Belgique d\u2019o\u00f9 provient le meilleur lait pour nos milkshakes Mulik que nous exportons dans plus de 20 pays dans le monde.<\/p>\n<p>De plus, pour renforcer notre marque, nous nous occupons de pr\u00e9parer tous ces articles promotionnels sympas que vous verrez sur nos r\u00e9seaux sociaux : T-shirts, casquettes, tabliers\u2026<\/p>\n<p>Regardez la vid\u00e9o ci-dessous et apprenez-en un peu plus sur Mulik.[\/vc_column_text][vc_empty_space]\t\t<\/div>\n\t<\/div>\n\t<\/div><\/div>[\/vc_column][\/vc_row]<\/p>\n","protected":false},"excerpt":{"rendered":"<p>[vc_row][vc_column offset=\u00a0\u00bbvc_hidden-sm vc_hidden-xs\u00a0\u00bb][\/vc_column][\/vc_row][vc_row][vc_column offset=\u00a0\u00bbvc_hidden-lg vc_hidden-md\u00a0\u00bb][\/vc_column][\/vc_row][vc_row][vc_column offset=\u00a0\u00bbvc_hidden-md vc_hidden-sm vc_hidden-xs\u00a0\u00bb][\/vc_column][\/vc_row][vc_row][vc_column offset=\u00a0\u00bbvc_hidden-md vc_hidden-sm vc_hidden-xs\u00a0\u00bb][\/vc_column][\/vc_row][vc_row][vc_column offset=\u00a0\u00bbvc_hidden-lg\u00a0\u00bb][\/vc_column][\/vc_row][vc_row][vc_column][\/vc_column][\/vc_row][vc_row][vc_column offset=\u00a0\u00bbvc_hidden-sm vc_hidden-xs\u00a0\u00bb][\/vc_column][\/vc_row][vc_row][vc_column offset=\u00a0\u00bbvc_hidden-lg vc_hidden-md\u00a0\u00bb][\/vc_column][\/vc_row]<\/p>\n","protected":false},"author":1,"featured_media":0,"parent":0,"menu_order":0,"comment_status":"closed","ping_status":"closed","template":"full-width.php","meta":{"footnotes":""},"class_list":["post-14","page","type-page","status-publish","hentry"],"_links":{"self":[{"href":"https:\/\/mulik.es\/fr\/wp-json\/wp\/v2\/pages\/14","targetHints":{"allow":["GET"]}}],"collection":[{"href":"https:\/\/mulik.es\/fr\/wp-json\/wp\/v2\/pages"}],"about":[{"href":"https:\/\/mulik.es\/fr\/wp-json\/wp\/v2\/types\/page"}],"author":[{"embeddable":true,"href":"https:\/\/mulik.es\/fr\/wp-json\/wp\/v2\/users\/1"}],"replies":[{"embeddable":true,"href":"https:\/\/mulik.es\/fr\/wp-json\/wp\/v2\/comments?post=14"}],"version-history":[{"count":31,"href":"https:\/\/mulik.es\/fr\/wp-json\/wp\/v2\/pages\/14\/revisions"}],"predecessor-version":[{"id":11510,"href":"https:\/\/mulik.es\/fr\/wp-json\/wp\/v2\/pages\/14\/revisions\/11510"}],"wp:attachment":[{"href":"https:\/\/mulik.es\/fr\/wp-json\/wp\/v2\/media?parent=14"}],"curies":[{"name":"wp","href":"https:\/\/api.w.org\/{rel}","templated":true}]}}